{"id":23,"date":"2024-07-09T08:47:15","date_gmt":"2024-07-09T08:47:15","guid":{"rendered":"https:\/\/blank.wparchitect.net\/?page_id=23"},"modified":"2025-07-18T20:17:47","modified_gmt":"2025-07-18T20:17:47","slug":"about","status":"publish","type":"page","link":"https:\/\/elitecarebyismelisgata.com\/es\/about\/","title":{"rendered":"Qui\u00e9nes Somos"},"content":{"rendered":"<div data-elementor-type=\"wp-page\" data-elementor-id=\"23\" class=\"elementor elementor-23\" data-elementor-post-type=\"page\">\n\t\t\t\t<div class=\"elementor-element elementor-element-1c43b11 e-flex e-con-boxed e-con e-parent\" data-id=\"1c43b11\" data-element_type=\"container\" data-settings=\"{&quot;background_background&quot;:&quot;gradient&quot;}\">\n\t\t\t\t\t<div class=\"e-con-inner\">\n\t\t<div class=\"elementor-element elementor-element-ebddddd e-con-full e-flex e-con e-child\" data-id=\"ebddddd\" data-element_type=\"container\">\n\t\t\t\t<div class=\"elementor-element elementor-element-1ec7b7d elementor-widget elementor-widget-heading\" data-id=\"1ec7b7d\" data-element_type=\"widget\" data-widget_type=\"heading.default\">\n\t\t\t\t<div class=\"elementor-widget-container\">\n\t\t\t\t\t<h1 class=\"elementor-heading-title elementor-size-default\">Qui\u00e9nes Somos<\/h1>\t\t\t\t<\/div>\n\t\t\t\t<\/div>\n\t\t\t\t<div class=\"elementor-element elementor-element-bab7f89 elementor-icon-list--layout-inline elementor-align-center elementor-list-item-link-full_width elementor-widget elementor-widget-icon-list\" data-id=\"bab7f89\" data-element_type=\"widget\" data-widget_type=\"icon-list.default\">\n\t\t\t\t<div class=\"elementor-widget-container\">\n\t\t\t\t\t\t\t<ul class=\"elementor-icon-list-items elementor-inline-items\">\n\t\t\t\t\t\t\t<li class=\"elementor-icon-list-item elementor-inline-item\">\n\t\t\t\t\t\t\t\t\t\t\t<span class=\"elementor-icon-list-icon\">\n\t\t\t\t\t\t\t<i aria-hidden=\"true\" class=\"icon icon-home\"><\/i>\t\t\t\t\t\t<\/span>\n\t\t\t\t\t\t\t\t\t\t<span class=\"elementor-icon-list-text\">Home<\/span>\n\t\t\t\t\t\t\t\t\t<\/li>\n\t\t\t\t\t\t\t\t<li class=\"elementor-icon-list-item elementor-inline-item\">\n\t\t\t\t\t\t\t\t\t\t\t<span class=\"elementor-icon-list-icon\">\n\t\t\t\t\t\t\t<svg aria-hidden=\"true\" class=\"e-font-icon-svg e-fas-chevron-right\" viewbox=\"0 0 320 512\" xmlns=\"http:\/\/www.w3.org\/2000\/svg\"><path d=\"M285.476 272.971L91.132 467.314c-9.373 9.373-24.569 9.373-33.941 0l-22.667-22.667c-9.357-9.357-9.375-24.522-.04-33.901L188.505 256 34.484 101.255c-9.335-9.379-9.317-24.544.04-33.901l22.667-22.667c9.373-9.373 24.569-9.373 33.941 0L285.475 239.03c9.373 9.372 9.373 24.568.001 33.941z\"><\/path><\/svg>\t\t\t\t\t\t<\/span>\n\t\t\t\t\t\t\t\t\t\t<span class=\"elementor-icon-list-text\">Qui\u00e9nes Somos<\/span>\n\t\t\t\t\t\t\t\t\t<\/li>\n\t\t\t\t\t\t<\/ul>\n\t\t\t\t\t\t<\/div>\n\t\t\t\t<\/div>\n\t\t\t\t<\/div>\n\t\t\t\t\t<\/div>\n\t\t\t\t<\/div>\n\t\t<div class=\"elementor-element elementor-element-f2f0226 e-flex e-con-boxed e-con e-parent\" data-id=\"f2f0226\" data-element_type=\"container\" data-settings=\"{&quot;background_background&quot;:&quot;classic&quot;}\">\n\t\t\t\t\t<div class=\"e-con-inner\">\n\t\t<div class=\"elementor-element elementor-element-e3574fc e-con-full e-flex e-con e-child\" data-id=\"e3574fc\" data-element_type=\"container\">\n\t\t\t\t<div class=\"elementor-element elementor-element-6bd003d elementor-widget elementor-widget-heading\" data-id=\"6bd003d\" data-element_type=\"widget\" data-widget_type=\"heading.default\">\n\t\t\t\t<div class=\"elementor-widget-container\">\n\t\t\t\t\t<h6 class=\"elementor-heading-title elementor-size-default\">Sobre Nosotros<\/h6>\t\t\t\t<\/div>\n\t\t\t\t<\/div>\n\t\t\t\t<div class=\"elementor-element elementor-element-f206f0a elementor-widget elementor-widget-heading\" data-id=\"f206f0a\" data-element_type=\"widget\" data-widget_type=\"heading.default\">\n\t\t\t\t<div class=\"elementor-widget-container\">\n\t\t\t\t\t<h1 class=\"elementor-heading-title elementor-size-default\">Sobre Ismelis Gata, MSN, APRN, AGNP-C<\/h1>\t\t\t\t<\/div>\n\t\t\t\t<\/div>\n\t\t\t\t<\/div>\n\t\t<div class=\"elementor-element elementor-element-fa04043 e-con-full e-flex e-con e-child\" data-id=\"fa04043\" data-element_type=\"container\">\n\t\t<div class=\"elementor-element elementor-element-c993a5f e-con-full e-flex e-con e-child\" data-id=\"c993a5f\" data-element_type=\"container\">\n\t\t\t\t<div class=\"elementor-element elementor-element-57b59d8 elementor-widget elementor-widget-text-editor\" data-id=\"57b59d8\" data-element_type=\"widget\" data-widget_type=\"text-editor.default\">\n\t\t\t\t<div class=\"elementor-widget-container\">\n\t\t\t\t\t\t\t\t\t<p><em>\u00a0\u201cLa salud no es un destino, sino un equilibrio de por vida entre la ciencia, el autoconocimiento y el apoyo.\u201d<\/em><\/p>\t\t\t\t\t\t\t\t<\/div>\n\t\t\t\t<\/div>\n\t\t\t\t<div class=\"elementor-element elementor-element-f5f14ed elementor-widget elementor-widget-text-editor\" data-id=\"f5f14ed\" data-element_type=\"widget\" data-widget_type=\"text-editor.default\">\n\t\t\t\t<div class=\"elementor-widget-container\">\n\t\t\t\t\t\t\t\t\t<p class=\"translation-block\">Profesional biling\u00fce (espa\u00f1ol e ingl\u00e9s), certificada como Nurse  Practitioner en el estado de Florida, con una s\u00f3lida trayectoria cl\u00ednica en  medicina funcional e integral. Mi camino en la medicina comenz\u00f3 hace  m\u00e1s de 15 a\u00f1os en Cuba, donde me form\u00e9 y ejerc\u00ed como m\u00e9dica  especializada en medicina familiar e integral. Tras emigrar a los Estados Unidos, continu\u00e9 desarrollando mi vocaci\u00f3n en el \u00e1rea de la salud, obteniendo un Master en Ciencias de Enfermer\u00eda (MSN) en Florida  International University, donde me gradu\u00e9 con los m\u00e1s altos honores.  Desde entonces, he construido una base cl\u00ednica diversa en  endocrinolog\u00eda, atenci\u00f3n primaria y manejo de enfermedades cr\u00f3nicas.\n Con amplia experiencia en salud preventiva, atenci\u00f3n ambulatoria y  condiciones metab\u00f3licas complejas, ofrezco un enfoque personalizado  que combina la medicina convencional con estrategias funcionales y  basadas en evidencia. Mis \u00e1reas de especialidad incluyen la  optimizaci\u00f3n hormonal, la resistencia a la insulina, el equilibrio tiroideo y  el cuidado enfocado en la longevidad. Asimismo, he recibido formaci\u00f3n \navanzada en interpretaci\u00f3n gen\u00f3mica y an\u00e1lisis funcional de laboratorios, lo que me permite adaptar los planes de atenci\u00f3n a nivel celular y sist\u00e9mico.\n Mi compromiso es ayudar a cada paciente a ir m\u00e1s all\u00e1 del manejo de s\u00edntomas, explorando y abordando las causas de ra\u00edz de sus  condiciones. En cada consulta, busco restaurar el equilibrio, la vitalidad  y el bienestar integral, con una atenci\u00f3n compasiva, cient\u00edfica y  profundamente personalizada.<\/p>\t\t\t\t\t\t\t\t<\/div>\n\t\t\t\t<\/div>\n\t\t\t\t<\/div>\n\t\t<div class=\"elementor-element elementor-element-fa5ddb7 e-con-full e-flex e-con e-child\" data-id=\"fa5ddb7\" data-element_type=\"container\" data-settings=\"{&quot;background_background&quot;:&quot;classic&quot;}\">\n\t\t<div class=\"elementor-element elementor-element-0c43482 e-con-full e-flex e-con e-child\" data-id=\"0c43482\" data-element_type=\"container\" data-settings=\"{&quot;background_background&quot;:&quot;classic&quot;}\">\n\t\t\t\t<\/div>\n\t\t\t\t<div class=\"elementor-element elementor-element-4097fd6 elementor-absolute elementor-widget elementor-widget-image\" data-id=\"4097fd6\" data-element_type=\"widget\" data-settings=\"{&quot;_position&quot;:&quot;absolute&quot;}\" data-widget_type=\"image.default\">\n\t\t\t\t<div class=\"elementor-widget-container\">\n\t\t\t\t\t\t\t\t\t\t\t\t\t\t\t<img fetchpriority=\"high\" decoding=\"async\" width=\"1438\" height=\"1818\" src=\"https:\/\/elitecarebyismelisgata.com\/wp-content\/uploads\/2025\/06\/IMG_2316.jpeg\" class=\"attachment-full size-full wp-image-1120\" alt=\"Ismelis Gata Elite Functional Metabolic Care\" srcset=\"https:\/\/elitecarebyismelisgata.com\/wp-content\/uploads\/2025\/06\/IMG_2316.jpeg 1438w, https:\/\/elitecarebyismelisgata.com\/wp-content\/uploads\/2025\/06\/IMG_2316-237x300.jpeg 237w, https:\/\/elitecarebyismelisgata.com\/wp-content\/uploads\/2025\/06\/IMG_2316-810x1024.jpeg 810w, https:\/\/elitecarebyismelisgata.com\/wp-content\/uploads\/2025\/06\/IMG_2316-768x971.jpeg 768w, https:\/\/elitecarebyismelisgata.com\/wp-content\/uploads\/2025\/06\/IMG_2316-1215x1536.jpeg 1215w, https:\/\/elitecarebyismelisgata.com\/wp-content\/uploads\/2025\/06\/IMG_2316-9x12.jpeg 9w\" sizes=\"(max-width: 1438px) 100vw, 1438px\" \/>\t\t\t\t\t\t\t\t\t\t\t\t\t\t\t<\/div>\n\t\t\t\t<\/div>\n\t\t\t\t<div class=\"elementor-element elementor-element-71a3787 elementor-absolute elementor-widget elementor-widget-image\" data-id=\"71a3787\" data-element_type=\"widget\" data-settings=\"{&quot;_position&quot;:&quot;absolute&quot;}\" data-widget_type=\"image.default\">\n\t\t\t\t<div class=\"elementor-widget-container\">\n\t\t\t\t\t\t\t\t\t\t\t\t\t\t\t<img decoding=\"async\" width=\"500\" height=\"500\" src=\"https:\/\/elitecarebyismelisgata.com\/wp-content\/uploads\/2025\/06\/Untitled_design__21_-removebg-preview.png\" class=\"attachment-large size-large wp-image-1203\" alt=\"\" srcset=\"https:\/\/elitecarebyismelisgata.com\/wp-content\/uploads\/2025\/06\/Untitled_design__21_-removebg-preview.png 500w, https:\/\/elitecarebyismelisgata.com\/wp-content\/uploads\/2025\/06\/Untitled_design__21_-removebg-preview-300x300.png 300w, https:\/\/elitecarebyismelisgata.com\/wp-content\/uploads\/2025\/06\/Untitled_design__21_-removebg-preview-150x150.png 150w, https:\/\/elitecarebyismelisgata.com\/wp-content\/uploads\/2025\/06\/Untitled_design__21_-removebg-preview-12x12.png 12w\" sizes=\"(max-width: 500px) 100vw, 500px\" \/>\t\t\t\t\t\t\t\t\t\t\t\t\t\t\t<\/div>\n\t\t\t\t<\/div>\n\t\t\t\t<\/div>\n\t\t\t\t<\/div>\n\t\t\t\t\t<\/div>\n\t\t\t\t<\/div>\n\t\t\t\t<\/div>","protected":false},"excerpt":{"rendered":"<p>Home About Us About Ismelis Gata, MSN, APRN, AGNP-C \u00a0\u201cHealth is not a destination, but a lifelong balance between science, self-awareness, and support.\u201d \u00a0I\u2019m Ismelis Gata, a bilingual (English &amp; Spanish) Board-Certified NursePractitioner in Florida. My journey in medicine began over 18 years ago in Cuba, where I trained and practiced as a physician specializing [&hellip;]<\/p>","protected":false},"author":1,"featured_media":0,"parent":0,"menu_order":0,"comment_status":"closed","ping_status":"closed","template":"elementor_header_footer","meta":{"footnotes":""},"class_list":["post-23","page","type-page","status-publish","hentry"],"_links":{"self":[{"href":"https:\/\/elitecarebyismelisgata.com\/es\/wp-json\/wp\/v2\/pages\/23","targetHints":{"allow":["GET"]}}],"collection":[{"href":"https:\/\/elitecarebyismelisgata.com\/es\/wp-json\/wp\/v2\/pages"}],"about":[{"href":"https:\/\/elitecarebyismelisgata.com\/es\/wp-json\/wp\/v2\/types\/page"}],"author":[{"embeddable":true,"href":"https:\/\/elitecarebyismelisgata.com\/es\/wp-json\/wp\/v2\/users\/1"}],"replies":[{"embeddable":true,"href":"https:\/\/elitecarebyismelisgata.com\/es\/wp-json\/wp\/v2\/comments?post=23"}],"version-history":[{"count":3,"href":"https:\/\/elitecarebyismelisgata.com\/es\/wp-json\/wp\/v2\/pages\/23\/revisions"}],"predecessor-version":[{"id":2361,"href":"https:\/\/elitecarebyismelisgata.com\/es\/wp-json\/wp\/v2\/pages\/23\/revisions\/2361"}],"wp:attachment":[{"href":"https:\/\/elitecarebyismelisgata.com\/es\/wp-json\/wp\/v2\/media?parent=23"}],"curies":[{"name":"wp","href":"https:\/\/api.w.org\/{rel}","templated":true}]}}