{"id":109,"date":"2025-06-27T05:41:36","date_gmt":"2025-06-27T05:41:36","guid":{"rendered":"https:\/\/web8.wparchitect.net\/?page_id=109"},"modified":"2025-07-17T20:54:02","modified_gmt":"2025-07-17T20:54:02","slug":"hormone-optimization","status":"publish","type":"page","link":"https:\/\/elitecarebyismelisgata.com\/es\/hormone-optimization\/","title":{"rendered":"Optimizaci\u00f3n Hormonal"},"content":{"rendered":"<div data-elementor-type=\"wp-page\" data-elementor-id=\"109\" class=\"elementor elementor-109\" data-elementor-post-type=\"page\">\n\t\t\t\t<div class=\"elementor-element elementor-element-944885b e-flex e-con-boxed e-con e-parent\" data-id=\"944885b\" data-element_type=\"container\" data-settings=\"{&quot;background_background&quot;:&quot;gradient&quot;}\">\n\t\t\t\t\t<div class=\"e-con-inner\">\n\t\t<div class=\"elementor-element elementor-element-0a50a9d e-con-full e-flex e-con e-child\" data-id=\"0a50a9d\" data-element_type=\"container\">\n\t\t\t\t<div class=\"elementor-element elementor-element-1cab090 elementor-widget elementor-widget-heading\" data-id=\"1cab090\" data-element_type=\"widget\" data-widget_type=\"heading.default\">\n\t\t\t\t<div class=\"elementor-widget-container\">\n\t\t\t\t\t<h1 class=\"elementor-heading-title elementor-size-default\">Optimizaci\u00f3n Hormonal<\/h1>\t\t\t\t<\/div>\n\t\t\t\t<\/div>\n\t\t\t\t<div class=\"elementor-element elementor-element-b8e1d35 elementor-icon-list--layout-inline elementor-align-center elementor-list-item-link-full_width elementor-widget elementor-widget-icon-list\" data-id=\"b8e1d35\" data-element_type=\"widget\" data-widget_type=\"icon-list.default\">\n\t\t\t\t<div class=\"elementor-widget-container\">\n\t\t\t\t\t\t\t<ul class=\"elementor-icon-list-items elementor-inline-items\">\n\t\t\t\t\t\t\t<li class=\"elementor-icon-list-item elementor-inline-item\">\n\t\t\t\t\t\t\t\t\t\t\t<span class=\"elementor-icon-list-icon\">\n\t\t\t\t\t\t\t<i aria-hidden=\"true\" class=\"icon icon-home\"><\/i>\t\t\t\t\t\t<\/span>\n\t\t\t\t\t\t\t\t\t\t<span class=\"elementor-icon-list-text\">Home<\/span>\n\t\t\t\t\t\t\t\t\t<\/li>\n\t\t\t\t\t\t\t\t<li class=\"elementor-icon-list-item elementor-inline-item\">\n\t\t\t\t\t\t\t\t\t\t\t<span class=\"elementor-icon-list-icon\">\n\t\t\t\t\t\t\t<svg aria-hidden=\"true\" class=\"e-font-icon-svg e-fas-chevron-right\" viewbox=\"0 0 320 512\" xmlns=\"http:\/\/www.w3.org\/2000\/svg\"><path d=\"M285.476 272.971L91.132 467.314c-9.373 9.373-24.569 9.373-33.941 0l-22.667-22.667c-9.357-9.357-9.375-24.522-.04-33.901L188.505 256 34.484 101.255c-9.335-9.379-9.317-24.544.04-33.901l22.667-22.667c9.373-9.373 24.569-9.373 33.941 0L285.475 239.03c9.373 9.372 9.373 24.568.001 33.941z\"><\/path><\/svg>\t\t\t\t\t\t<\/span>\n\t\t\t\t\t\t\t\t\t\t<span class=\"elementor-icon-list-text\">Optimizaci\u00f3n Hormonal<\/span>\n\t\t\t\t\t\t\t\t\t<\/li>\n\t\t\t\t\t\t<\/ul>\n\t\t\t\t\t\t<\/div>\n\t\t\t\t<\/div>\n\t\t\t\t<\/div>\n\t\t\t\t\t<\/div>\n\t\t\t\t<\/div>\n\t\t<div class=\"elementor-element elementor-element-005a8d1 e-flex e-con-boxed e-con e-parent\" data-id=\"005a8d1\" data-element_type=\"container\">\n\t\t\t\t\t<div class=\"e-con-inner\">\n\t\t<div class=\"elementor-element elementor-element-7a3806d e-con-full e-flex e-con e-child\" data-id=\"7a3806d\" data-element_type=\"container\">\n\t\t\t\t<div class=\"elementor-element elementor-element-3eebd08 elementor-widget elementor-widget-heading\" data-id=\"3eebd08\" data-element_type=\"widget\" data-widget_type=\"heading.default\">\n\t\t\t\t<div class=\"elementor-widget-container\">\n\t\t\t\t\t<h2 class=\"elementor-heading-title elementor-size-default\">Hormonas \u2022 Metabolismo \u2022 Energ\u00eda Renovada <\/h2>\t\t\t\t<\/div>\n\t\t\t\t<\/div>\n\t\t\t\t<div class=\"elementor-element elementor-element-ee1d6ad elementor-widget elementor-widget-heading\" data-id=\"ee1d6ad\" data-element_type=\"widget\" data-widget_type=\"heading.default\">\n\t\t\t\t<div class=\"elementor-widget-container\">\n\t\t\t\t\t<h3 class=\"elementor-heading-title elementor-size-default\">(Para mujeres y hombres de 18 a 70 a\u00f1os) \u2013 Telemedicina en todo Florida<\/h3>\t\t\t\t<\/div>\n\t\t\t\t<\/div>\n\t\t\t\t<div class=\"elementor-element elementor-element-bb0409f elementor-widget elementor-widget-text-editor\" data-id=\"bb0409f\" data-element_type=\"widget\" data-widget_type=\"text-editor.default\">\n\t\t\t\t<div class=\"elementor-widget-container\">\n\t\t\t\t\t\t\t\t\t<p>\u00a0Si te sientes cansado(a), est\u00e1s subiendo de peso, tienes dificultades para dormir o notas cambios en tu estado de \u00e1nimo o deseo sexual, es posible que tus hormonas, metabolismo o tiroides est\u00e9n desequilibrados. Vamos a investigar las causas de ra\u00edz y optimizar tu bienestar desde adentro.<\/p>\t\t\t\t\t\t\t\t<\/div>\n\t\t\t\t<\/div>\n\t\t<div class=\"elementor-element elementor-element-077742d e-con-full e-flex e-con e-child\" data-id=\"077742d\" data-element_type=\"container\">\n\t\t\t\t<div class=\"elementor-element elementor-element-d05de71 elementor-widget elementor-widget-heading\" data-id=\"d05de71\" data-element_type=\"widget\" data-widget_type=\"heading.default\">\n\t\t\t\t<div class=\"elementor-widget-container\">\n\t\t\t\t\t<h3 class=\"elementor-heading-title elementor-size-default\">PASO 1 \u2013 Evaluaci\u00f3n Inicial + Orden deLaboratorios <\/h3>\t\t\t\t<\/div>\n\t\t\t\t<\/div>\n\t\t\t\t<div class=\"elementor-element elementor-element-858f4fa elementor-widget elementor-widget-text-editor\" data-id=\"858f4fa\" data-element_type=\"widget\" data-widget_type=\"text-editor.default\">\n\t\t\t\t<div class=\"elementor-widget-container\">\n\t\t\t\t\t\t\t\t\t<p><strong>\u00a0$99 | \ud83d\udd52 30 minutos <\/strong><br \/><strong>Telemedicina | Adultos mayores de 18 a\u00f1os<\/strong><\/p>\t\t\t\t\t\t\t\t<\/div>\n\t\t\t\t<\/div>\n\t\t\t\t<div class=\"elementor-element elementor-element-980848d elementor-widget elementor-widget-text-editor\" data-id=\"980848d\" data-element_type=\"widget\" data-widget_type=\"text-editor.default\">\n\t\t\t\t<div class=\"elementor-widget-container\">\n\t\t\t\t\t\t\t\t\t<p>Comienza tu camino con una evaluaci\u00f3n completa de s\u00edntomas. Dise\u00f1aremos un plan de laboratorios personalizado para explorar posibles desequilibrios hormonales, problemas de tiroides, resistencia a la insulina o estr\u00e9s suprarrenal.<\/p>\t\t\t\t\t\t\t\t<\/div>\n\t\t\t\t<\/div>\n\t\t\t\t<div class=\"elementor-element elementor-element-d7d889a elementor-widget elementor-widget-text-editor\" data-id=\"d7d889a\" data-element_type=\"widget\" data-widget_type=\"text-editor.default\">\n\t\t\t\t<div class=\"elementor-widget-container\">\n\t\t\t\t\t\t\t\t\t<p><strong>Incluye:<\/strong> <br \/>\u2022 Revisi\u00f3n integral de s\u00edntomas: fatiga, libido, peso, \u00e1nimo, sue\u00f1o, ciclos hormonales <br \/>Orden de laboratorios hormonales y metab\u00f3licos personalizados <br \/>Educaci\u00f3n sobre el proceso y expectativas <br \/>Opci\u00f3n de ordenar estudios generales o especializados como GI-MAP,  DUTCH y gen\u00e9tica 3X4 (el costo de los laboratorios no est\u00e1 incluido)<\/p>\t\t\t\t\t\t\t\t<\/div>\n\t\t\t\t<\/div>\n\t\t\t\t<\/div>\n\t\t<div class=\"elementor-element elementor-element-7f7e0fe e-con-full e-flex e-con e-child\" data-id=\"7f7e0fe\" data-element_type=\"container\">\n\t\t\t\t<div class=\"elementor-element elementor-element-f3be789 elementor-widget elementor-widget-heading\" data-id=\"f3be789\" data-element_type=\"widget\" data-widget_type=\"heading.default\">\n\t\t\t\t<div class=\"elementor-widget-container\">\n\t\t\t\t\t<h3 class=\"elementor-heading-title elementor-size-default\">PASO 2 \u2013 Revisi\u00f3n de Resultados + Plan de Optimizaci\u00f3n  Hormonal\/Metab\u00f3lica  <\/h3>\t\t\t\t<\/div>\n\t\t\t\t<\/div>\n\t\t\t\t<div class=\"elementor-element elementor-element-94cef03 elementor-widget elementor-widget-text-editor\" data-id=\"94cef03\" data-element_type=\"widget\" data-widget_type=\"text-editor.default\">\n\t\t\t\t<div class=\"elementor-widget-container\">\n\t\t\t\t\t\t\t\t\t<p><strong>\u00a0$119 | \ud83d\udd5245 minutos <\/strong><br \/><strong>Telemedicina | Adultos mayores de 18 a\u00f1os<\/strong><\/p>\t\t\t\t\t\t\t\t<\/div>\n\t\t\t\t<\/div>\n\t\t\t\t<div class=\"elementor-element elementor-element-56ae466 elementor-widget elementor-widget-text-editor\" data-id=\"56ae466\" data-element_type=\"widget\" data-widget_type=\"text-editor.default\">\n\t\t\t\t<div class=\"elementor-widget-container\">\n\t\t\t\t\t\t\t\t\t<p>Una vez que tengamos tus resultados, nos reuniremos nuevamente para  construir un plan personalizado: suplementos, terapia hormonal (si  aplica), nutrici\u00f3n y ajustes en tu estilo de vida. <br \/>supplements, hormone therapy (if appropriate), nutrition, and lifestyle upgrades.<\/p>\t\t\t\t\t\t\t\t<\/div>\n\t\t\t\t<\/div>\n\t\t\t\t<div class=\"elementor-element elementor-element-f1293e6 elementor-widget elementor-widget-text-editor\" data-id=\"f1293e6\" data-element_type=\"widget\" data-widget_type=\"text-editor.default\">\n\t\t\t\t<div class=\"elementor-widget-container\">\n\t\t\t\t\t\t\t\t\t<p><strong>Incluye:<\/strong> <br \/>\u2022Interpretaci\u00f3n de todos los laboratorios (hormonas sexuales, tiroides, insulina, cortisol, etc.) <br \/>\u2022Discusi\u00f3n de opciones de terapia hormonal (HRT\/TRT) si corresponde <br \/>\u2022 Plan de suplementos naturales y recomendaciones de estilo de vida <br \/>\u2022 Plan de seguimiento<\/p>\t\t\t\t\t\t\t\t<\/div>\n\t\t\t\t<\/div>\n\t\t\t\t<\/div>\n\t\t<div class=\"elementor-element elementor-element-fa66f4f e-con-full e-flex e-con e-child\" data-id=\"fa66f4f\" data-element_type=\"container\">\n\t\t\t\t<div class=\"elementor-element elementor-element-facd4f2 elementor-widget elementor-widget-heading\" data-id=\"facd4f2\" data-element_type=\"widget\" data-widget_type=\"heading.default\">\n\t\t\t\t<div class=\"elementor-widget-container\">\n\t\t\t\t\t<h3 class=\"elementor-heading-title elementor-size-default\">Consultas adicionales $99 each<\/h3>\t\t\t\t<\/div>\n\t\t\t\t<\/div>\n\t\t\t\t<div class=\"elementor-element elementor-element-4ce722c elementor-icon-list--layout-traditional elementor-list-item-link-full_width elementor-widget elementor-widget-icon-list\" data-id=\"4ce722c\" data-element_type=\"widget\" data-widget_type=\"icon-list.default\">\n\t\t\t\t<div class=\"elementor-widget-container\">\n\t\t\t\t\t\t\t<ul class=\"elementor-icon-list-items\">\n\t\t\t\t\t\t\t<li class=\"elementor-icon-list-item\">\n\t\t\t\t\t\t\t\t\t\t\t<span class=\"elementor-icon-list-icon\">\n\t\t\t\t\t\t\t<svg aria-hidden=\"true\" class=\"e-font-icon-svg e-fas-check-circle\" viewbox=\"0 0 512 512\" xmlns=\"http:\/\/www.w3.org\/2000\/svg\"><path d=\"M504 256c0 136.967-111.033 248-248 248S8 392.967 8 256 119.033 8 256 8s248 111.033 248 248zM227.314 387.314l184-184c6.248-6.248 6.248-16.379 0-22.627l-22.627-22.627c-6.248-6.249-16.379-6.249-22.628 0L216 308.118l-70.059-70.059c-6.248-6.248-16.379-6.248-22.628 0l-22.627 22.627c-6.248 6.248-6.248 16.379 0 22.627l104 104c6.249 6.249 16.379 6.249 22.628.001z\"><\/path><\/svg>\t\t\t\t\t\t<\/span>\n\t\t\t\t\t\t\t\t\t\t<span class=\"elementor-icon-list-text\">Costo del laboratorio se paga por separado<\/span>\n\t\t\t\t\t\t\t\t\t<\/li>\n\t\t\t\t\t\t<\/ul>\n\t\t\t\t\t\t<\/div>\n\t\t\t\t<\/div>\n\t\t\t\t<\/div>\n\t\t\t\t<div class=\"elementor-element elementor-element-707a010 elementor-align-left elementor-widget elementor-widget-button\" data-id=\"707a010\" data-element_type=\"widget\" data-widget_type=\"button.default\">\n\t\t\t\t<div class=\"elementor-widget-container\">\n\t\t\t\t\t\t\t\t\t<div class=\"elementor-button-wrapper\">\n\t\t\t\t\t<a class=\"elementor-button elementor-button-link elementor-size-lg\" href=\"https:\/\/www.optimantra.com\/optimus\/patient\/patientaccess\/servicesall?pid=REpYKzdGbldIM2ZWVTFlNkxBb2xnQT09&#038;lid=c3VVMlN1enhuVHJLM1Qrem9NT0xLQT09\" target=\"_blank\" rel=\"noopener\">\n\t\t\t\t\t\t<span class=\"elementor-button-content-wrapper\">\n\t\t\t\t\t\t\t\t\t<span class=\"elementor-button-text\">Agendar Cita<\/span>\n\t\t\t\t\t<\/span>\n\t\t\t\t\t<\/a>\n\t\t\t\t<\/div>\n\t\t\t\t\t\t\t\t<\/div>\n\t\t\t\t<\/div>\n\t\t\t\t<\/div>\n\t\t\t\t\t<\/div>\n\t\t\t\t<\/div>\n\t\t\t\t<\/div>","protected":false},"excerpt":{"rendered":"<p>Home Hormones \u2022 Metabolism \u2022 Energy Reset For Women &amp; Men 18\u201370) \u2013 Telehealth Across Florida \u00a0Whether you&#8217;re feeling tired, gaining weight, struggling with sleep, or noticing mood or libido changes \u2014 your hormones, metabolism, and thyroid could be out of sync. Let\u2019s investigate and optimize the root causes. STEP 1 \u2013 Discovery &amp; Lab [&hellip;]<\/p>","protected":false},"author":3,"featured_media":0,"parent":0,"menu_order":0,"comment_status":"closed","ping_status":"closed","template":"elementor_header_footer","meta":{"footnotes":""},"class_list":["post-109","page","type-page","status-publish","hentry"],"_links":{"self":[{"href":"https:\/\/elitecarebyismelisgata.com\/es\/wp-json\/wp\/v2\/pages\/109","targetHints":{"allow":["GET"]}}],"collection":[{"href":"https:\/\/elitecarebyismelisgata.com\/es\/wp-json\/wp\/v2\/pages"}],"about":[{"href":"https:\/\/elitecarebyismelisgata.com\/es\/wp-json\/wp\/v2\/types\/page"}],"author":[{"embeddable":true,"href":"https:\/\/elitecarebyismelisgata.com\/es\/wp-json\/wp\/v2\/users\/3"}],"replies":[{"embeddable":true,"href":"https:\/\/elitecarebyismelisgata.com\/es\/wp-json\/wp\/v2\/comments?post=109"}],"version-history":[{"count":0,"href":"https:\/\/elitecarebyismelisgata.com\/es\/wp-json\/wp\/v2\/pages\/109\/revisions"}],"wp:attachment":[{"href":"https:\/\/elitecarebyismelisgata.com\/es\/wp-json\/wp\/v2\/media?parent=109"}],"curies":[{"name":"wp","href":"https:\/\/api.w.org\/{rel}","templated":true}]}}